{"id":1116,"date":"2019-01-07T11:42:38","date_gmt":"2019-01-07T11:42:38","guid":{"rendered":"http:\/\/localhost\/Exhibz\/?page_id=1116"},"modified":"2023-03-02T06:47:56","modified_gmt":"2023-03-02T06:47:56","slug":"snc-cncdi","status":"publish","type":"page","link":"https:\/\/crenerg.org\/Digital4Energy\/snc-cncdi\/","title":{"rendered":"Coduri CAEN conform SNC \u0219i SNCDI"},"content":{"rendered":"\t\t<div data-elementor-type=\"wp-post\" data-elementor-id=\"1116\" class=\"elementor elementor-1116\">\n\t\t\t\t\t\t\t\t\t<section class=\"elementor-section elementor-top-section elementor-element elementor-element-621d elementor-section-boxed elementor-section-height-default elementor-section-height-default\" data-id=\"621d\" data-element_type=\"section\" data-settings=\"{&quot;background_background&quot;:&quot;classic&quot;}\">\n\t\t\t\t\t\t\t<div class=\"elementor-background-overlay\"><\/div>\n\t\t\t\t\t\t\t<div class=\"elementor-container elementor-column-gap-default\">\n\t\t\t\t\t<div class=\"elementor-column elementor-col-100 elementor-top-column elementor-element elementor-element-7af4\" data-id=\"7af4\" data-element_type=\"column\">\n\t\t\t<div class=\"elementor-widget-wrap elementor-element-populated\">\n\t\t\t\t\t\t\t\t<div class=\"elementor-element elementor-element-7c5c elementor-widget elementor-widget-exhibz-title\" data-id=\"7c5c\" data-element_type=\"widget\" data-settings=\"{&quot;ekit_we_effect_on&quot;:&quot;none&quot;}\" data-widget_type=\"exhibz-title.default\">\n\t\t\t\t<div class=\"elementor-widget-container\">\n\t\t\t\n    <div class=\"title-section-area\">\n        <h2 class=\"section-title\">\n            <span class=\"sub-title\">Informa\u021bii privind<\/span>\n\t\t\tCodurile CAEN conform <em class=\"title-bar-shap\">SNC \u0219i SNCDI<\/em>        <\/h2>\n\t\t\t\t\t<div class=\"title-desc\"><p><strong>Strategia Na\u0163ional\u0103 pentru Competitivitate<\/strong> (<strong>SNC<\/strong>) reprezint\u0103 un document strategic al Ministerului Economiei, elaborat prin consult\u0103ri at\u00e2t cu mediul privat, c\u00e2t \u015fi cu ministerele de linie (\u00een special cu Ministerul Agriculturii \u015fi Dezvolt\u0103rii Rurale, Ministerul Educa\u0163iei Na\u0163ionale, Ministerul Dezvolt\u0103rii Regionale \u015fi Administra\u0163iei Publice), pentru corelarea interven\u0163iilor dedicate competitivit\u0103\u0163ii, av\u00e2nd \u00een vedere domeniile na\u0163ionale de excelen\u0163\u0103, inclusiv din perspectiva dimensiunii teritoriale \u015fi a dezvolt\u0103rii rurale.<\/p><p><strong>Strategia Na\u0163ional\u0103 de Cercetare, Dezvoltare \u015fi Inovare 2014\u00a0<\/strong><strong>\u2013<\/strong><strong> 2020 (SNCDI) <\/strong>\u00a0a fost elaborat\u0103 pe baza viziunii conform c\u0103reia \u00a0\u00een anul 2020, Rom\u00e2nia va deveni competitiv\u0103 la nivel regional \u015fi global, prin inovare alimentat\u0103 de cercetare-dezvoltare, gener\u00e2nd astfel bun\u0103stare pentru cet\u0103\u0163eni s\u0103i. La r\u00e2ndul ei, competitivitatea se axeaz\u0103 pe un sistem de inovare \u00een care cercetarea-dezvoltarea sus\u0163ine avansul pe lan\u0163urile globale de valoare ad\u0103ugat\u0103<\/p><\/div>\n\t\t                            <span class=\"title-border\">&nbsp;<\/span>\n            <\/div><!-- Section title -->\n    \n    \n\n    \t\t<\/div>\n\t\t\t\t<\/div>\n\t\t\t\t<div class=\"elementor-element elementor-element-21ac663 elementor-widget elementor-widget-button\" data-id=\"21ac663\" data-element_type=\"widget\" data-settings=\"{&quot;ekit_we_effect_on&quot;:&quot;none&quot;}\" data-widget_type=\"button.default\">\n\t\t\t\t<div class=\"elementor-widget-container\">\n\t\t\t\t\t<div class=\"elementor-button-wrapper\">\n\t\t\t<a class=\"elementor-button elementor-button-link elementor-size-md\" href=\"https:\/\/crenerg.org\/Digital4Energy\/wp-content\/uploads\/2023\/03\/SA-4.1-Metodologie-recrutare-GT.pdf\">\n\t\t\t\t\t\t<span class=\"elementor-button-content-wrapper\">\n\t\t\t\t\t\t<span class=\"elementor-button-text\">Click aici, pentru a vedea lista codurilor CAEN, conform SNC&SCDI<\/span>\n\t\t<\/span>\n\t\t\t\t\t<\/a>\n\t\t<\/div>\n\t\t\t\t<\/div>\n\t\t\t\t<\/div>\n\t\t\t\t\t<\/div>\n\t\t<\/div>\n\t\t\t\t\t\t\t<\/div>\n\t\t<\/section>\n\t\t\t\t\t\t\t<\/div>\n\t\t","protected":false},"excerpt":{"rendered":"<p>Informa\u021bii privind Codurile CAEN conform SNC \u0219i SNCDI Strategia Na\u0163ional\u0103 pentru Competitivitate (SNC) reprezint\u0103 un document strategic al Ministerului Economiei, elaborat prin consult\u0103ri at\u00e2t cu mediul privat, c\u00e2t \u015fi cu ministerele de linie (\u00een special cu Ministerul Agriculturii \u015fi Dezvolt\u0103rii Rurale, Ministerul Educa\u0163iei Na\u0163ionale, Ministerul Dezvolt\u0103rii Regionale \u015fi Administra\u0163iei Publice), pentru corelarea interven\u0163iilor dedicate competitivit\u0103\u0163ii, [&hellip;]<\/p>\n","protected":false},"author":1,"featured_media":0,"parent":0,"menu_order":0,"comment_status":"closed","ping_status":"closed","template":"template\/full-width-template.php","meta":{"footnotes":""},"aioseo_notices":[],"_links":{"self":[{"href":"https:\/\/crenerg.org\/Digital4Energy\/wp-json\/wp\/v2\/pages\/1116"}],"collection":[{"href":"https:\/\/crenerg.org\/Digital4Energy\/wp-json\/wp\/v2\/pages"}],"about":[{"href":"https:\/\/crenerg.org\/Digital4Energy\/wp-json\/wp\/v2\/types\/page"}],"author":[{"embeddable":true,"href":"https:\/\/crenerg.org\/Digital4Energy\/wp-json\/wp\/v2\/users\/1"}],"replies":[{"embeddable":true,"href":"https:\/\/crenerg.org\/Digital4Energy\/wp-json\/wp\/v2\/comments?post=1116"}],"version-history":[{"count":13,"href":"https:\/\/crenerg.org\/Digital4Energy\/wp-json\/wp\/v2\/pages\/1116\/revisions"}],"predecessor-version":[{"id":4246,"href":"https:\/\/crenerg.org\/Digital4Energy\/wp-json\/wp\/v2\/pages\/1116\/revisions\/4246"}],"wp:attachment":[{"href":"https:\/\/crenerg.org\/Digital4Energy\/wp-json\/wp\/v2\/media?parent=1116"}],"curies":[{"name":"wp","href":"https:\/\/api.w.org\/{rel}","templated":true}]}}