{"id":1147,"date":"2019-01-07T12:41:25","date_gmt":"2019-01-07T12:41:25","guid":{"rendered":"http:\/\/localhost\/Exhibz\/?page_id=1147"},"modified":"2022-11-12T14:08:06","modified_gmt":"2022-11-12T14:08:06","slug":"confidentialitate","status":"publish","type":"page","link":"https:\/\/crenerg.org\/Digital4Energy\/confidentialitate\/","title":{"rendered":"Politica de Confiden\u021bialitate"},"content":{"rendered":"\t\t<div data-elementor-type=\"wp-post\" data-elementor-id=\"1147\" class=\"elementor elementor-1147\">\n\t\t\t\t\t\t\t\t\t<section class=\"elementor-section elementor-top-section elementor-element elementor-element-1b7f374 elementor-section-boxed elementor-section-height-default elementor-section-height-default\" data-id=\"1b7f374\" data-element_type=\"section\" data-settings=\"{&quot;background_background&quot;:&quot;classic&quot;}\">\n\t\t\t\t\t\t<div class=\"elementor-container elementor-column-gap-default\">\n\t\t\t\t\t<div class=\"elementor-column elementor-col-100 elementor-top-column elementor-element elementor-element-4298f13\" data-id=\"4298f13\" data-element_type=\"column\">\n\t\t\t<div class=\"elementor-widget-wrap elementor-element-populated\">\n\t\t\t\t\t\t\t\t<div class=\"elementor-element elementor-element-c0a4133 elementor-widget elementor-widget-exhibz-title\" data-id=\"c0a4133\" data-element_type=\"widget\" data-settings=\"{&quot;ekit_we_effect_on&quot;:&quot;none&quot;}\" data-widget_type=\"exhibz-title.default\">\n\t\t\t\t<div class=\"elementor-widget-container\">\n\t\t\t\n    <div class=\"title-section-area\">\n        <h2 class=\"section-title\">\n            <span class=\"sub-title\"><\/span>\n\t\t\tDIGITAL<em class=\"title-bar-shap\">4<\/em>ENERGY        <\/h2>\n\t\t                            <span class=\"title-border\">&nbsp;<\/span>\n            <\/div><!-- Section title -->\n    \n    \n\n    \t\t<\/div>\n\t\t\t\t<\/div>\n\t\t\t\t\t<\/div>\n\t\t<\/div>\n\t\t\t\t\t\t\t<\/div>\n\t\t<\/section>\n\t\t\t\t<section class=\"elementor-section elementor-top-section elementor-element elementor-element-908c116 elementor-section-boxed elementor-section-height-default elementor-section-height-default\" data-id=\"908c116\" data-element_type=\"section\">\n\t\t\t\t\t\t<div class=\"elementor-container elementor-column-gap-default\">\n\t\t\t\t\t<div class=\"elementor-column elementor-col-100 elementor-top-column elementor-element elementor-element-29e0356\" data-id=\"29e0356\" data-element_type=\"column\">\n\t\t\t<div class=\"elementor-widget-wrap elementor-element-populated\">\n\t\t\t\t\t\t\t\t<div class=\"elementor-element elementor-element-c179cc6 elementor-widget elementor-widget-text-editor\" data-id=\"c179cc6\" data-element_type=\"widget\" data-settings=\"{&quot;ekit_we_effect_on&quot;:&quot;none&quot;}\" data-widget_type=\"text-editor.default\">\n\t\t\t\t<div class=\"elementor-widget-container\">\n\t\t\t\t\t\t\t<h2>I. Informa\u021bii generale<\/h2><p>Confiden\u021bialitatea datelor dumneavoastr\u0103 cu caracter personal reprezint\u0103 una dintre preocup\u0103rile principale ale Centrul Rom\u00e2n al Energiei (CRE) cu sediul \u00een Blvd. Mircea Eliade nr. 2, Sector 1, Bucuresti, Romania, \u00een calitate de operator de date. Acest document are rolul de a v\u0103 informa cu privire la prelucrarea datelor dumneavoastr\u0103 cu caracter personal, \u00een contextul utiliz\u0103rii paginii de internet <a href=\"https:\/\/crenerg.org\/Digital4Energy\/\">https:\/\/crenerg.org\/Digital4Energy\/<\/a><\/p><h2>II. Categoriile de date cu caracter personal prelucrate<\/h2><p>Dac\u0103 sunte\u021bi client al Site-ului, Centrul Rom\u00e2n al Energiei (CRE) \u00eempreun\u0103 cu partenerii proiectului DIGITAL4ENERGY:<\/p><ul><li>SC Best Smart Digital SRL;<\/li><\/ul><p>Vor prelucra datele dumneavoastr\u0103 cu caracter personal, cum ar fi nume \u015fi prenume, data nasterii, telefon, adresa de e-mail, adresa de domiciliu, nivel studii, date despre angajator, date referitoare la modul \u00een care utiliza\u021bi Site-ul, precum \u0219i orice alte categorii de date pe care le furniza\u021bi \u00een mod direct \u00een contextul particip\u0103rii la activit\u0103\u021bile proiectului\u00a0 sau \u00een orice alt mod care rezult\u0103 din utilizarea Site-ului.<\/p><p>Fiecare Operator de Date Asociat va prelucra datele dvs cu caracter personal \u00een strict\u0103 conformitate cu prevederile legale \u00een vigoare \u0219i cu propriile politici\/proceduri de protec\u021bie a datelor cu caracter personal.<\/p><h2>III. Scopurile \u0219i temeiurile de prelucr\u0103rii<\/h2><p>Dac\u0103 sunte\u021bi client al Site-ului,\u00a0<a href=\"https:\/\/crenerg.org\/Digital4Energy\">https:\/\/crenerg.org\/Digital4Energy<\/a> prelucr\u0103m datele dumneavoastr\u0103 cu caracter personal astfel:<\/p><ul><li>pentru desf\u0103\u0219urarea rela\u021biei dintre dumneavoastr\u0103 \u015fi partenerii proiectului DIGITAL4ENERGY respectiv pentru preluarea, validarea, informarea dumneavoastr\u0103 asupra st\u0103rii accesarii cursului\/cursurilor solicitate, etc.<\/li><\/ul><p>Temei: Prelucrarea datelor dumneavoastr\u0103 pentru acest scop este necesar\u0103 \u00een baza unor obliga\u021bii legale. Furnizarea datelor dumneavoastr\u0103 \u00een acest scop este necesar\u0103. Refuzul furniz\u0103rii datelor poate avea drept consecin\u021b\u0103 imposibilitatea de a respecta obliga\u021biile legale care \u00eei revin \u0219i deci \u00een imposibilitatea de a v\u0103 oferi serviciile prin intermediul Site-ului\/proiectului.<\/p><ul><li>pentru activit\u0103\u0163i de marketing, respectiv pentru transmiterea, prin intermediul mijloacelor de comunicare la distan\u0163\u0103 (e-mail, whatsapp) de comunic\u0103ri privind serviciile oferite prin intermediul Site-ului\/Proiectului.<\/li><\/ul><h2>IV. Durata pentru care v\u0103 prelucr\u0103m datele<\/h2><p>Ca principiu, Partenerii proiectului DIGITAL4ENERGY\u00a0 va prelucra datele dumneavoastr\u0103 cu caracter personal at\u00e2t c\u00e2t este necesar pentru realizarea scopurilor de prelucrare men\u021bionate mai sus.\u00a0<\/p><h2>V. Dezv\u0103luirea datelor cu caracter personal<\/h2><p>Pentru \u00eendeplinirea scopurilor de prelucrare, putem dezv\u0103lui datele dumneavoastr\u0103 c\u0103tre parteneri, c\u0103tre ter\u021be persoane sau entit\u0103\u021bi care sprijin\u0103 activitatea Proiectului DIGITAL4ENERGY\u00a0 \u00a0\u00een desf\u0103\u0219urarea activit\u0103\u021bii prin intermediul Site-ului (de exemplu autorit\u0103\u021bi, formatori, firme de curierat, furnizori de servicii IT), ori c\u0103tre autorit\u0103\u021bile publice centrale\/locale, \u00een urm\u0103toarele cazuri exemplificativ enumerate:<\/p><ul><li>pentru administrarea Site-ului;<\/li><li>pentru men\u021binerea, personalizarea \u0219i \u00eembun\u0103t\u0103\u021birea Site-ului \u0219i a serviciilor derulate prin intermediul lui;<\/li><li>pentru efectuarea analizei datelor, testarea \u0219i cercetarea, monitorizarea tendin\u021belor de utilizare \u0219i activitate, dezvoltarea caracteristicilor de siguran\u021b\u0103 \u0219i autentificarea utilizatorilor;<\/li><li>pentru transmiterea de comunic\u0103ri comerciale de marketing, \u00een condi\u021biile \u0219i limitele prev\u0103zute de lege;<\/li><li>atunci c\u00e2nd dezv\u0103luirea datelor cu caracter personal este prev\u0103zut\u0103 de lege etc.<\/li><li>pentru raport\u0103ri c\u0103tre autorit\u0103\u021bile competente<\/li><\/ul><h3>VI. Transferul datelor cu caracter personal<\/h3><p>Datele cu caracter personal furnizate, pot fi transferate \u00een afara Rom\u00e2niei, dar doar c\u0103tre state din Uniunea European\u0103.<\/p><h3>VII. Drepturile de care beneficia\u021bi<\/h3><p>Persoanele vizate pot cere, \u00een orice moment, organizatorului sau oric\u0103rui Operator de Date, exercitarea urm\u0103toarelor drepturi:<br \/>1) Dreptul de acces \u2013 la cerere, operatorii de date v\u0103 vor oferi informa\u021bii despre datele dvs cu caracter personal pe care le prelucreaz\u0103.<br \/>2) Dreptul la rectificarea datelor \u2013 pute\u021bi cere oric\u00e2nd operatorilor de date corectarea sau completarea datelor dvs cu caracter personal inexacte sau incomplete.<br \/>3) Dreptul de a restric\u021biona utilizarea datelor \u2013 pute\u021bi solicita operatorilor de date restric\u021bionarea utiliz\u0103rii datelor dvs cu caracter personal, cu excep\u021bia cazurilor \u00een care legea prevede altfel.<br \/>4) Dreptul de a \u0219terge datele (dreptul de a fi uitat) \u2013 la cerere, \u0219i \u00een cazurile \u00een care legea permite, operatorii de date vor \u0219terge din sistemele sale datele dvs cu caracter personal pe care le prelucreaz\u0103. Cu toate acestea, anumite date ce \u021bin de \u00eendeplinirea anumitor obliga\u021bii legale sau<br \/>contractuale vor putea fi \u0219terse numai dup\u0103 o anumit\u0103 perioad\u0103 de timp.<br \/>5) Dreptul de a v\u0103 retrage consim\u021b\u0103m\u00e2ntul \u2013 ave\u021bi dreptul ca, \u00een orice moment, s\u0103 v\u0103 retrage\u021bi consim\u021b\u0103m\u00e2ntul acordat pentru prelucrarea datelor dvs cu caracter personal, cu efect \u00een viitor. Retragerea consim\u021b\u0103m\u00e2ntului \u00eens\u0103 nu va afecta legalitatea prelucr\u0103rii efectuate pe baza<br \/>consim\u021b\u0103m\u00e2ntului oferit \u00eenainte de retragerea acestuia.<br \/>6) Dreptul de a v\u0103 opune prelucr\u0103rii datelor dvs cu caracter personal \u2013 pute\u021bi, \u00een orice moment, s\u0103 informa\u021bi operatorii de date despre opunerea prelucr\u0103rii datelor dvs cu caracter personal, cu efect \u00een viitor.<br \/>7) Dreptul la portabilitatea datelor \u2013 la solicitarea dvs operatorii de date vor putea facilita portabilitatea datele dvs cu caracter personal.<br \/>8) Dreptul de a nu face obiectul unei decizii individuale automatizate \u2013 adic\u0103 dreptul de a nu face obiectul unei decizii luate exclusiv pe baza proces\u0103rii automatizate, inclusiv crearea de profiluri, care produce efecte juridice \u0219i care privesc persoana vizat\u0103 sau \u00een mod similar o<br \/>afecteaz\u0103 \u00eentr-o m\u0103sur\u0103 semnificativ\u0103.<br \/>9) Dreptul de a contacta Autoritatea Na\u021bional\u0103 de Supraveghere a Prelucr\u0103rii Datelor cu Caracter Personal sau instan\u021bele competente, \u00een m\u0103sura \u00een care considera\u021bi c\u0103 drepturile v-au fost \u00eenc\u0103lcate.<\/p><p>Pentru orice \u00eentreb\u0103ri suplimentare cu privire la modul \u00een care datele cu caracter personal sunt prelucrate \u0219i pentru a v\u0103 exercita drepturile men\u021bionate mai sus, v\u0103 rug\u0103m s\u0103 v\u0103 adresa\u021bi la adresa de email <a href=\"mailto:contact@crenerg.org\">contact@crenerg.org<\/a><\/p><h3>VIII. Drepturile de care beneficia\u021bi<\/h3><p>Centrul Rom\u00e2n al Energiei (CRE) \u0219i partenerii acesteia depun constant eforturi pentru \u00eembun\u0103t\u0103\u021birea practicilor sale cu privire la protec\u021bia datelor cu caracter personal dar \u0219i pentru a fi tot timpul conformi cu prevederile legisla\u021biei \u00een domeniu \u0219i cu modific\u0103rile aduse acestora. Astfel, aceast\u0103 Politic\u0103 de Confiden\u021bialitate poate fi modificat\u0103 sau actualizat\u0103 frecvent de aceea v\u0103 rug\u0103m s\u0103 verifica\u021bi constant pentru a vedea orice actualiz\u0103ri sau modific\u0103ri ale acesteia.<\/p>\t\t\t\t\t\t<\/div>\n\t\t\t\t<\/div>\n\t\t\t\t\t<\/div>\n\t\t<\/div>\n\t\t\t\t\t\t\t<\/div>\n\t\t<\/section>\n\t\t\t\t\t\t\t<\/div>\n\t\t","protected":false},"excerpt":{"rendered":"<p>DIGITAL4ENERGY &nbsp; I. Informa\u021bii generale Confiden\u021bialitatea datelor dumneavoastr\u0103 cu caracter personal reprezint\u0103 una dintre preocup\u0103rile principale ale Centrul Rom\u00e2n al Energiei (CRE) cu sediul \u00een Blvd. Mircea Eliade nr. 2, Sector 1, Bucuresti, Romania, \u00een calitate de operator de date. Acest document are rolul de a v\u0103 informa cu privire la prelucrarea datelor dumneavoastr\u0103 cu [&hellip;]<\/p>\n","protected":false},"author":1,"featured_media":0,"parent":0,"menu_order":0,"comment_status":"closed","ping_status":"closed","template":"template\/full-width-template.php","meta":{"footnotes":""},"aioseo_notices":[],"_links":{"self":[{"href":"https:\/\/crenerg.org\/Digital4Energy\/wp-json\/wp\/v2\/pages\/1147"}],"collection":[{"href":"https:\/\/crenerg.org\/Digital4Energy\/wp-json\/wp\/v2\/pages"}],"about":[{"href":"https:\/\/crenerg.org\/Digital4Energy\/wp-json\/wp\/v2\/types\/page"}],"author":[{"embeddable":true,"href":"https:\/\/crenerg.org\/Digital4Energy\/wp-json\/wp\/v2\/users\/1"}],"replies":[{"embeddable":true,"href":"https:\/\/crenerg.org\/Digital4Energy\/wp-json\/wp\/v2\/comments?post=1147"}],"version-history":[{"count":12,"href":"https:\/\/crenerg.org\/Digital4Energy\/wp-json\/wp\/v2\/pages\/1147\/revisions"}],"predecessor-version":[{"id":3993,"href":"https:\/\/crenerg.org\/Digital4Energy\/wp-json\/wp\/v2\/pages\/1147\/revisions\/3993"}],"wp:attachment":[{"href":"https:\/\/crenerg.org\/Digital4Energy\/wp-json\/wp\/v2\/media?parent=1147"}],"curies":[{"name":"wp","href":"https:\/\/api.w.org\/{rel}","templated":true}]}}