{"id":2826,"date":"2022-06-22T09:22:04","date_gmt":"2022-06-22T09:22:04","guid":{"rendered":"https:\/\/crenerg.org\/Digital4Energy\/?page_id=2826"},"modified":"2023-03-14T09:40:41","modified_gmt":"2023-03-14T09:40:41","slug":"comunicare-in-mediul-digital","status":"publish","type":"page","link":"https:\/\/crenerg.org\/Digital4Energy\/cursuri\/comunicare-in-mediul-digital\/","title":{"rendered":"Comunicare \u00een Mediul Digital"},"content":{"rendered":"\t\t<div data-elementor-type=\"wp-page\" data-elementor-id=\"2826\" class=\"elementor elementor-2826\">\n\t\t\t\t\t\t\t\t\t<section class=\"elementor-section elementor-top-section elementor-element elementor-element-6d07af6 elementor-section-boxed elementor-section-height-default elementor-section-height-default\" data-id=\"6d07af6\" data-element_type=\"section\">\n\t\t\t\t\t\t<div class=\"elementor-container elementor-column-gap-default\">\n\t\t\t\t\t<div class=\"elementor-column elementor-col-100 elementor-top-column elementor-element elementor-element-bc7bd63\" data-id=\"bc7bd63\" data-element_type=\"column\">\n\t\t\t<div class=\"elementor-widget-wrap elementor-element-populated\">\n\t\t\t\t\t\t\t\t<div class=\"elementor-element elementor-element-c890d17 elementor-widget elementor-widget-exhibz-title\" data-id=\"c890d17\" data-element_type=\"widget\" data-settings=\"{&quot;ekit_we_effect_on&quot;:&quot;none&quot;}\" data-widget_type=\"exhibz-title.default\">\n\t\t\t\t<div class=\"elementor-widget-container\">\n\t\t\t\n    <div class=\"title-section-area\">\n        <h2 class=\"section-title\">\n            <span class=\"sub-title\"><\/span>\n\t\t\tComunicare \u00cen Mediul Digital        <\/h2>\n\t\t                            <span class=\"title-border\">&nbsp;<\/span>\n            <\/div><!-- Section title -->\n    \n    \n\n    \t\t<\/div>\n\t\t\t\t<\/div>\n\t\t\t\t\t<\/div>\n\t\t<\/div>\n\t\t\t\t\t\t\t<\/div>\n\t\t<\/section>\n\t\t\t\t<section class=\"elementor-section elementor-top-section elementor-element elementor-element-f2e781a elementor-section-boxed elementor-section-height-default elementor-section-height-default\" data-id=\"f2e781a\" data-element_type=\"section\">\n\t\t\t\t\t\t<div class=\"elementor-container elementor-column-gap-default\">\n\t\t\t\t\t<div class=\"elementor-column elementor-col-50 elementor-top-column elementor-element elementor-element-6792216\" data-id=\"6792216\" data-element_type=\"column\">\n\t\t\t<div class=\"elementor-widget-wrap elementor-element-populated\">\n\t\t\t\t\t\t\t\t<div class=\"elementor-element elementor-element-46565ba elementor-widget elementor-widget-shortcode\" data-id=\"46565ba\" data-element_type=\"widget\" data-settings=\"{&quot;ekit_we_effect_on&quot;:&quot;none&quot;}\" data-widget_type=\"shortcode.default\">\n\t\t\t\t<div class=\"elementor-widget-container\">\n\t\t\t\t\t<div class=\"elementor-shortcode\"><script src='https:\/\/digital4energy.myfreshworks.com\/crm\/sales\/web_forms\/812cfbd49097ab6f2e44031acf9f70e480c3fc9900c453a917426e275f88bc3b\/form.js' crossorigin='anonymous' id='fs_812cfbd49097ab6f2e44031acf9f70e480c3fc9900c453a917426e275f88bc3b'><\/script><\/div>\n\t\t\t\t<\/div>\n\t\t\t\t<\/div>\n\t\t\t\t\t<\/div>\n\t\t<\/div>\n\t\t\t\t<div class=\"elementor-column elementor-col-50 elementor-top-column elementor-element elementor-element-cbbf5fd\" data-id=\"cbbf5fd\" data-element_type=\"column\">\n\t\t\t<div class=\"elementor-widget-wrap elementor-element-populated\">\n\t\t\t\t\t\t\t\t<div class=\"elementor-element elementor-element-a587405 elementor-widget elementor-widget-text-editor\" data-id=\"a587405\" data-element_type=\"widget\" data-settings=\"{&quot;ekit_we_effect_on&quot;:&quot;none&quot;}\" data-widget_type=\"text-editor.default\">\n\t\t\t\t<div class=\"elementor-widget-container\">\n\t\t\t\t\t\t\t<div data-id=\"3b6eadef\" data-element_type=\"widget\" data-widget_type=\"heading.default\">\n<p><strong>Durata: 40 ore<\/strong><br><strong>Tip curs: ONLINE<\/strong><br><strong>Curs non-ANC<\/strong><\/p>\n<h5>DESPRE CURS:<\/h5>\n<p><span style=\"font-weight: 400;\">Recent, oamenii din \u00eentreaga lume s-au confruntat cu schimb\u0103ri atunci c\u00e2nd comunic\u0103 \u00eentre ei din cauza pandemiei de COVID-19 \u0219i, datorit\u0103 tehnologiei, am putea spune c\u0103 modul \u00een care comunic\u0103m tocmai s-a schimbat.<\/span><\/p>\n<p><b>&#8211; Informa\u021bii<\/b><\/p>\n<p><span style=\"font-weight: 400;\">Se \u0219tie deja c\u0103 succesul interac\u021biunii fa\u021b\u0103 \u00een fa\u021b\u0103 \u0219i informa\u021biile pe care le avem este intrinsec legat\u0103 de modul \u00een care ne conect\u0103m cu al\u021bi oameni, cu toate acestea, comunicarea non-verbal\u0103, \u00een principal, mediat\u0103 de social media este, de asemenea, esen\u021bial\u0103. Dar cum poate fi mai eficient\u0103 conexiunea digital\u0103?<\/span><\/p>\n<p><b>&#8211; Managementul riscului<\/b><\/p>\n<p><span style=\"font-weight: 400;\">Potrivit psihologului \u0219i antrenorului de performan\u021b\u0103 Helen Morris Brown, comunicarea \u00een social media este un exerci\u021biu zilnic de management al riscului, adic\u0103 controlul riscului de a gre\u0219i. \u00centr-un mediu digital, oamenii iau \u00een considerare viteza de r\u0103spuns la un mesaj, dar nu se g\u00e2ndesc la faptul c\u0103 pot provoca frecvent ne\u00een\u021belegeri, fiind gr\u0103bi\u021bi. Deci, cum am putea folosi platformele digitale pentru \u00eentr-un mod corect mai des?<\/span><\/p>\n<p><span style=\"font-weight: 400;\">&#8211; <\/span><b>A\u015ftept\u0103ri<\/b><\/p>\n<p><span style=\"font-weight: 400;\">Comunicarea digital\u0103 eficient\u0103 \u00eenseamn\u0103, \u00een primul r\u00e2nd, potrivirea a\u0219tept\u0103rilor \u00eentre ele. Face\u021bi&nbsp; ceea ce este de a\u0219teptat \u0219i spune\u021bi-le ce se \u00eent\u00e2mpl\u0103 pentru a evita surprizele sau pentru a dezam\u0103gi oamenii sau pe noi \u00een\u0219ine. \u00cen al doilea r\u00e2nd, trata\u021bi fiecare comunicare bazat\u0103 pe text ca \u0219i cum a\u021bi sta chiar \u00een fa\u021ba oamenilor. \u0218i, \u00een sf\u00e2r\u0219it, nu l\u0103sa\u021bi oamenii s\u0103 a\u0219tepte un r\u0103spuns.<\/span><\/p>\n<p><span style=\"font-weight: 400;\">Acestea sunt doar c\u00e2teva tips &amp; tricks preluate din cursul Comunicare \u00cen Mediul Digital&nbsp; realizat \u00een cadrul proiectului Digital4Energy. V\u0103 invit\u0103m s\u0103 afla\u021bi mai multe prin \u00eenscrierea la acest curs.<\/span><\/p>\n<\/div>\n<div data-id=\"01a1649\" data-element_type=\"widget\" data-widget_type=\"text-editor.default\">\n<div data-id=\"01a1649\" data-element_type=\"widget\" data-widget_type=\"text-editor.default\">\n<div>\n<h5>Agenda:<\/h5>\n<\/div>\n<\/div>\n<\/div>\t\t\t\t\t\t<\/div>\n\t\t\t\t<\/div>\n\t\t\t\t<div class=\"elementor-element elementor-element-9a6d5be elementor-hidden-desktop elementor-hidden-tablet elementor-hidden-mobile elementor-widget elementor-widget-toggle\" data-id=\"9a6d5be\" data-element_type=\"widget\" data-settings=\"{&quot;ekit_we_effect_on&quot;:&quot;none&quot;}\" data-widget_type=\"toggle.default\">\n\t\t\t\t<div class=\"elementor-widget-container\">\n\t\t\t\t\t<div class=\"elementor-toggle\">\n\t\t\t\t\t\t\t<div class=\"elementor-toggle-item\">\n\t\t\t\t\t<div id=\"elementor-tab-title-1611\" class=\"elementor-tab-title\" data-tab=\"1\" role=\"button\" aria-controls=\"elementor-tab-content-1611\" aria-expanded=\"false\">\n\t\t\t\t\t\t\t\t\t\t\t\t<span class=\"elementor-toggle-icon elementor-toggle-icon-left\" aria-hidden=\"true\">\n\t\t\t\t\t\t\t\t\t\t\t\t\t\t\t<span class=\"elementor-toggle-icon-closed\"><i class=\"fas fa-caret-right\"><\/i><\/span>\n\t\t\t\t\t\t\t\t<span class=\"elementor-toggle-icon-opened\"><i class=\"elementor-toggle-icon-opened fas fa-caret-up\"><\/i><\/span>\n\t\t\t\t\t\t\t\t\t\t\t\t\t<\/span>\n\t\t\t\t\t\t\t\t\t\t\t\t<a class=\"elementor-toggle-title\" tabindex=\"0\">Ziua 1<\/a>\n\t\t\t\t\t<\/div>\n\n\t\t\t\t\t<div id=\"elementor-tab-content-1611\" class=\"elementor-tab-content elementor-clearfix\" data-tab=\"1\" role=\"region\" aria-labelledby=\"elementor-tab-title-1611\"><ul><li><strong>Lorem Ipsum<\/strong>\u00a0is simply dummy text of the printing and typesetting industry. Lorem Ipsum has been the industry&#8217;s standard dummy text ever since the 1500s, when an unknown printer took a galley of type and scrambled it to make a type specimen book. It has survived not only five centuries, but also the leap into electronic typesetting, remaining essentially unchanged. It was popularised in the 1960s with the release of Letraset sheets containing Lorem Ipsum passages, and more recently with desktop publishing software like Aldus PageMaker including versions of Lorem Ipsum.<\/li><\/ul><\/div>\n\t\t\t\t<\/div>\n\t\t\t\t\t\t\t<div class=\"elementor-toggle-item\">\n\t\t\t\t\t<div id=\"elementor-tab-title-1612\" class=\"elementor-tab-title\" data-tab=\"2\" role=\"button\" aria-controls=\"elementor-tab-content-1612\" aria-expanded=\"false\">\n\t\t\t\t\t\t\t\t\t\t\t\t<span class=\"elementor-toggle-icon elementor-toggle-icon-left\" aria-hidden=\"true\">\n\t\t\t\t\t\t\t\t\t\t\t\t\t\t\t<span class=\"elementor-toggle-icon-closed\"><i class=\"fas fa-caret-right\"><\/i><\/span>\n\t\t\t\t\t\t\t\t<span class=\"elementor-toggle-icon-opened\"><i class=\"elementor-toggle-icon-opened fas fa-caret-up\"><\/i><\/span>\n\t\t\t\t\t\t\t\t\t\t\t\t\t<\/span>\n\t\t\t\t\t\t\t\t\t\t\t\t<a class=\"elementor-toggle-title\" tabindex=\"0\">Ziua 2<\/a>\n\t\t\t\t\t<\/div>\n\n\t\t\t\t\t<div id=\"elementor-tab-content-1612\" class=\"elementor-tab-content elementor-clearfix\" data-tab=\"2\" role=\"region\" aria-labelledby=\"elementor-tab-title-1612\"><ul><li><strong>Lorem Ipsum<\/strong>\u00a0is simply dummy text of the printing and typesetting industry. Lorem Ipsum has been the industry&#8217;s standard dummy text ever since the 1500s, when an unknown printer took a galley of type and scrambled it to make a type specimen book. It has survived not only five centuries, but also the leap into electronic typesetting, remaining essentially unchanged. It was popularised in the 1960s with the release of Letraset sheets containing Lorem Ipsum passages, and more recently with desktop publishing software like Aldus PageMaker including versions of Lorem Ipsum.<\/li><\/ul><\/div>\n\t\t\t\t<\/div>\n\t\t\t\t\t\t\t<div class=\"elementor-toggle-item\">\n\t\t\t\t\t<div id=\"elementor-tab-title-1613\" class=\"elementor-tab-title\" data-tab=\"3\" role=\"button\" aria-controls=\"elementor-tab-content-1613\" aria-expanded=\"false\">\n\t\t\t\t\t\t\t\t\t\t\t\t<span class=\"elementor-toggle-icon elementor-toggle-icon-left\" aria-hidden=\"true\">\n\t\t\t\t\t\t\t\t\t\t\t\t\t\t\t<span class=\"elementor-toggle-icon-closed\"><i class=\"fas fa-caret-right\"><\/i><\/span>\n\t\t\t\t\t\t\t\t<span class=\"elementor-toggle-icon-opened\"><i class=\"elementor-toggle-icon-opened fas fa-caret-up\"><\/i><\/span>\n\t\t\t\t\t\t\t\t\t\t\t\t\t<\/span>\n\t\t\t\t\t\t\t\t\t\t\t\t<a class=\"elementor-toggle-title\" tabindex=\"0\">Ziua 3<\/a>\n\t\t\t\t\t<\/div>\n\n\t\t\t\t\t<div id=\"elementor-tab-content-1613\" class=\"elementor-tab-content elementor-clearfix\" data-tab=\"3\" role=\"region\" aria-labelledby=\"elementor-tab-title-1613\"><ul><li><strong>Lorem Ipsum<\/strong>\u00a0is simply dummy text of the printing and typesetting industry. Lorem Ipsum has been the industry&#8217;s standard dummy text ever since the 1500s, when an unknown printer took a galley of type and scrambled it to make a type specimen book. It has survived not only five centuries, but also the leap into electronic typesetting, remaining essentially unchanged. It was popularised in the 1960s with the release of Letraset sheets containing Lorem Ipsum passages, and more recently with desktop publishing software like Aldus PageMaker including versions of Lorem Ipsum.<\/li><\/ul><\/div>\n\t\t\t\t<\/div>\n\t\t\t\t\t\t\t<div class=\"elementor-toggle-item\">\n\t\t\t\t\t<div id=\"elementor-tab-title-1614\" class=\"elementor-tab-title\" data-tab=\"4\" role=\"button\" aria-controls=\"elementor-tab-content-1614\" aria-expanded=\"false\">\n\t\t\t\t\t\t\t\t\t\t\t\t<span class=\"elementor-toggle-icon elementor-toggle-icon-left\" aria-hidden=\"true\">\n\t\t\t\t\t\t\t\t\t\t\t\t\t\t\t<span class=\"elementor-toggle-icon-closed\"><i class=\"fas fa-caret-right\"><\/i><\/span>\n\t\t\t\t\t\t\t\t<span class=\"elementor-toggle-icon-opened\"><i class=\"elementor-toggle-icon-opened fas fa-caret-up\"><\/i><\/span>\n\t\t\t\t\t\t\t\t\t\t\t\t\t<\/span>\n\t\t\t\t\t\t\t\t\t\t\t\t<a class=\"elementor-toggle-title\" tabindex=\"0\">Ziua 4<\/a>\n\t\t\t\t\t<\/div>\n\n\t\t\t\t\t<div id=\"elementor-tab-content-1614\" class=\"elementor-tab-content elementor-clearfix\" data-tab=\"4\" role=\"region\" aria-labelledby=\"elementor-tab-title-1614\"><ul><li><strong>Lorem Ipsum<\/strong>\u00a0is simply dummy text of the printing and typesetting industry. Lorem Ipsum has been the industry&#8217;s standard dummy text ever since the 1500s, when an unknown printer took a galley of type and scrambled it to make a type specimen book. It has survived not only five centuries, but also the leap into electronic typesetting, remaining essentially unchanged. It was popularised in the 1960s with the release of Letraset sheets containing Lorem Ipsum passages, and more recently with desktop publishing software like Aldus PageMaker including versions of Lorem Ipsum.<\/li><\/ul><\/div>\n\t\t\t\t<\/div>\n\t\t\t\t\t\t\t<div class=\"elementor-toggle-item\">\n\t\t\t\t\t<div id=\"elementor-tab-title-1615\" class=\"elementor-tab-title\" data-tab=\"5\" role=\"button\" aria-controls=\"elementor-tab-content-1615\" aria-expanded=\"false\">\n\t\t\t\t\t\t\t\t\t\t\t\t<span class=\"elementor-toggle-icon elementor-toggle-icon-left\" aria-hidden=\"true\">\n\t\t\t\t\t\t\t\t\t\t\t\t\t\t\t<span class=\"elementor-toggle-icon-closed\"><i class=\"fas fa-caret-right\"><\/i><\/span>\n\t\t\t\t\t\t\t\t<span class=\"elementor-toggle-icon-opened\"><i class=\"elementor-toggle-icon-opened fas fa-caret-up\"><\/i><\/span>\n\t\t\t\t\t\t\t\t\t\t\t\t\t<\/span>\n\t\t\t\t\t\t\t\t\t\t\t\t<a class=\"elementor-toggle-title\" tabindex=\"0\">Ziua 5<\/a>\n\t\t\t\t\t<\/div>\n\n\t\t\t\t\t<div id=\"elementor-tab-content-1615\" class=\"elementor-tab-content elementor-clearfix\" data-tab=\"5\" role=\"region\" aria-labelledby=\"elementor-tab-title-1615\"><ul><li><strong>Lorem Ipsum<\/strong>\u00a0is simply dummy text of the printing and typesetting industry. Lorem Ipsum has been the industry&#8217;s standard dummy text ever since the 1500s, when an unknown printer took a galley of type and scrambled it to make a type specimen book. It has survived not only five centuries, but also the leap into electronic typesetting, remaining essentially unchanged. It was popularised in the 1960s with the release of Letraset sheets containing Lorem Ipsum passages, and more recently with desktop publishing software like Aldus PageMaker including versions of Lorem Ipsum.<\/li><\/ul><\/div>\n\t\t\t\t<\/div>\n\t\t\t\t\t\t\t\t<\/div>\n\t\t\t\t<\/div>\n\t\t\t\t<\/div>\n\t\t\t\t\t<\/div>\n\t\t<\/div>\n\t\t\t\t\t\t\t<\/div>\n\t\t<\/section>\n\t\t\t\t<section class=\"elementor-section elementor-top-section elementor-element elementor-element-3655826 elementor-section-boxed elementor-section-height-default elementor-section-height-default\" data-id=\"3655826\" data-element_type=\"section\">\n\t\t\t\t\t\t<div class=\"elementor-container elementor-column-gap-default\">\n\t\t\t\t\t<div class=\"elementor-column elementor-col-100 elementor-top-column elementor-element elementor-element-e865014\" data-id=\"e865014\" data-element_type=\"column\">\n\t\t\t<div class=\"elementor-widget-wrap elementor-element-populated\">\n\t\t\t\t\t\t\t\t<div class=\"elementor-element elementor-element-5012131 elementor-widget elementor-widget-exhibz-title\" data-id=\"5012131\" data-element_type=\"widget\" data-settings=\"{&quot;ekit_we_effect_on&quot;:&quot;none&quot;}\" data-widget_type=\"exhibz-title.default\">\n\t\t\t\t<div class=\"elementor-widget-container\">\n\t\t\t\n    <div class=\"title-section-area\">\n        <h2 class=\"section-title\">\n            <span class=\"sub-title\"><\/span>\n\t\t\t<em class=\"title-bar-shap\">Calendar<\/em>        <\/h2>\n\t\t                            <span class=\"title-border\">&nbsp;<\/span>\n            <\/div><!-- Section title -->\n    \n    \n\n    \t\t<\/div>\n\t\t\t\t<\/div>\n\t\t\t\t\t<\/div>\n\t\t<\/div>\n\t\t\t\t\t\t\t<\/div>\n\t\t<\/section>\n\t\t\t\t<section class=\"elementor-section elementor-top-section elementor-element elementor-element-64e5053 elementor-section-boxed elementor-section-height-default elementor-section-height-default\" data-id=\"64e5053\" data-element_type=\"section\">\n\t\t\t\t\t\t<div class=\"elementor-container elementor-column-gap-default\">\n\t\t\t\t\t<div class=\"elementor-column elementor-col-100 elementor-top-column elementor-element elementor-element-39ed1da\" data-id=\"39ed1da\" data-element_type=\"column\">\n\t\t\t<div class=\"elementor-widget-wrap elementor-element-populated\">\n\t\t\t\t\t\t\t\t<div class=\"elementor-element elementor-element-40edec1 elementor-widget elementor-widget-spacer\" data-id=\"40edec1\" data-element_type=\"widget\" data-settings=\"{&quot;ekit_we_effect_on&quot;:&quot;none&quot;}\" data-widget_type=\"spacer.default\">\n\t\t\t\t<div class=\"elementor-widget-container\">\n\t\t\t\t\t<div class=\"elementor-spacer\">\n\t\t\t<div class=\"elementor-spacer-inner\"><\/div>\n\t\t<\/div>\n\t\t\t\t<\/div>\n\t\t\t\t<\/div>\n\t\t\t\t\t<\/div>\n\t\t<\/div>\n\t\t\t\t\t\t\t<\/div>\n\t\t<\/section>\n\t\t\t\t\t\t\t<\/div>\n\t\t","protected":false},"excerpt":{"rendered":"<p>Comunicare \u00cen Mediul Digital &nbsp; Durata: 40 ore Tip curs: ONLINE Curs non-ANC DESPRE CURS: Recent, oamenii din \u00eentreaga lume s-au confruntat cu schimb\u0103ri atunci c\u00e2nd comunic\u0103 \u00eentre ei din cauza pandemiei de COVID-19 \u0219i, datorit\u0103 tehnologiei, am putea spune c\u0103 modul \u00een care comunic\u0103m tocmai s-a schimbat. &#8211; Informa\u021bii Se \u0219tie deja c\u0103 succesul [&hellip;]<\/p>\n","protected":false},"author":1,"featured_media":4227,"parent":2818,"menu_order":0,"comment_status":"closed","ping_status":"closed","template":"","meta":{"footnotes":""},"aioseo_notices":[],"_links":{"self":[{"href":"https:\/\/crenerg.org\/Digital4Energy\/wp-json\/wp\/v2\/pages\/2826"}],"collection":[{"href":"https:\/\/crenerg.org\/Digital4Energy\/wp-json\/wp\/v2\/pages"}],"about":[{"href":"https:\/\/crenerg.org\/Digital4Energy\/wp-json\/wp\/v2\/types\/page"}],"author":[{"embeddable":true,"href":"https:\/\/crenerg.org\/Digital4Energy\/wp-json\/wp\/v2\/users\/1"}],"replies":[{"embeddable":true,"href":"https:\/\/crenerg.org\/Digital4Energy\/wp-json\/wp\/v2\/comments?post=2826"}],"version-history":[{"count":29,"href":"https:\/\/crenerg.org\/Digital4Energy\/wp-json\/wp\/v2\/pages\/2826\/revisions"}],"predecessor-version":[{"id":4228,"href":"https:\/\/crenerg.org\/Digital4Energy\/wp-json\/wp\/v2\/pages\/2826\/revisions\/4228"}],"up":[{"embeddable":true,"href":"https:\/\/crenerg.org\/Digital4Energy\/wp-json\/wp\/v2\/pages\/2818"}],"wp:featuredmedia":[{"embeddable":true,"href":"https:\/\/crenerg.org\/Digital4Energy\/wp-json\/wp\/v2\/media\/4227"}],"wp:attachment":[{"href":"https:\/\/crenerg.org\/Digital4Energy\/wp-json\/wp\/v2\/media?parent=2826"}],"curies":[{"name":"wp","href":"https:\/\/api.w.org\/{rel}","templated":true}]}}