{"id":3314,"date":"2022-06-23T12:29:10","date_gmt":"2022-06-23T12:29:10","guid":{"rendered":"https:\/\/crenerg.org\/Digital4Energy\/?page_id=3314"},"modified":"2022-11-12T13:56:30","modified_gmt":"2022-11-12T13:56:30","slug":"termeni-conditii","status":"publish","type":"page","link":"https:\/\/crenerg.org\/Digital4Energy\/termeni-conditii\/","title":{"rendered":"Termeni \u0219i Conditii"},"content":{"rendered":"\t\t<div data-elementor-type=\"wp-post\" data-elementor-id=\"3314\" class=\"elementor elementor-3314\">\n\t\t\t\t\t\t\t\t\t<section class=\"elementor-section elementor-top-section elementor-element elementor-element-1b7f374 elementor-section-boxed elementor-section-height-default elementor-section-height-default\" data-id=\"1b7f374\" data-element_type=\"section\" data-settings=\"{&quot;background_background&quot;:&quot;classic&quot;}\">\n\t\t\t\t\t\t<div class=\"elementor-container elementor-column-gap-default\">\n\t\t\t\t\t<div class=\"elementor-column elementor-col-100 elementor-top-column elementor-element elementor-element-4298f13\" data-id=\"4298f13\" data-element_type=\"column\">\n\t\t\t<div class=\"elementor-widget-wrap elementor-element-populated\">\n\t\t\t\t\t\t\t\t<div class=\"elementor-element elementor-element-c0a4133 elementor-widget elementor-widget-exhibz-title\" data-id=\"c0a4133\" data-element_type=\"widget\" data-settings=\"{&quot;ekit_we_effect_on&quot;:&quot;none&quot;}\" data-widget_type=\"exhibz-title.default\">\n\t\t\t\t<div class=\"elementor-widget-container\">\n\t\t\t\n    <div class=\"title-section-area\">\n        <h2 class=\"section-title\">\n            <span class=\"sub-title\"><\/span>\n\t\t\tDIGITAL<em class=\"title-bar-shap\">4<\/em>ENERGY        <\/h2>\n\t\t                            <span class=\"title-border\">&nbsp;<\/span>\n            <\/div><!-- Section title -->\n    \n    \n\n    \t\t<\/div>\n\t\t\t\t<\/div>\n\t\t\t\t\t<\/div>\n\t\t<\/div>\n\t\t\t\t\t\t\t<\/div>\n\t\t<\/section>\n\t\t\t\t<section class=\"elementor-section elementor-top-section elementor-element elementor-element-908c116 elementor-section-boxed elementor-section-height-default elementor-section-height-default\" data-id=\"908c116\" data-element_type=\"section\">\n\t\t\t\t\t\t<div class=\"elementor-container elementor-column-gap-default\">\n\t\t\t\t\t<div class=\"elementor-column elementor-col-100 elementor-top-column elementor-element elementor-element-29e0356\" data-id=\"29e0356\" data-element_type=\"column\">\n\t\t\t<div class=\"elementor-widget-wrap elementor-element-populated\">\n\t\t\t\t\t\t\t\t<div class=\"elementor-element elementor-element-c179cc6 elementor-widget elementor-widget-text-editor\" data-id=\"c179cc6\" data-element_type=\"widget\" data-settings=\"{&quot;ekit_we_effect_on&quot;:&quot;none&quot;}\" data-widget_type=\"text-editor.default\">\n\t\t\t\t<div class=\"elementor-widget-container\">\n\t\t\t\t\t\t\t<h2>ACCEPTAREA CONDITIILOR<\/h2><p>Prin accesarea acestui site web si\/sau a oricarei pagini a acestuia sunteti de acord cu aceste conditii de utilizare. Daca nu sunteti de acord cu acesti termeni si conditii de utilizare, nu accesati acest site.<\/p><h2>DESCRIEREA SERVICIILOR<\/h2><p>Siteul nostru va pune la dispozitie informatiile din acest site web in scop informativ general si nu garanteaza de exactitatea lor la un moment dat, desi se va incerca pe cat posibil ca la publicarea lor pe site toate informatiile sa fie exacte.<\/p><h2>INTRODUCERE<\/h2><p>Prezentele Conditii Generale definesc conditiile de utilizare a site-ului\u00a0<a href=\"https:\/\/crenerg.org\/Digital4Energy\/\">https:\/\/crenerg.org\/Digital4Energy\/<\/a>\u00a0de catre potentialii vizitatori sau clienti. Acces\u00e2nd si navig\u00e2nd pe acest site, acceptati termenii de utilizare descrisi \u00een continuare.<\/p><h2>DREPTURILE ASUPRA CONTINUTULUI SITE-ULUI<\/h2><p>Centrul Roman al Energiei detine drepturi complete si depline asupra titlului de proprietate si prin aceasta toate drepturile de autor si cele brevetate. Nu aveti dreptul sa redistribuiti, vindeti, decompilati, dezasamblati aplicatia software \u00eentr-o forma perceptibila de catre oameni.<\/p><p>Toate informatiile, produsele sau aplicatiile continute \u00een acest site sunt proprietatea Centrul Roman al Energiei care \u00eesi rezerva dreptul de a modifica continutul si\/sau structura site-ului \u00een orice moment si fara nici o informare prealabila.<\/p><p>\u00centregul continut al site-ului\u00a0<a href=\"https:\/\/crenerg.org\/Digital4Energy\/\">https:\/\/crenerg.org\/Digital4Energy\/<\/a> este protejat prin legea drepturilor de autor, toate drepturile fiind rezervate. Toate drepturile referitoare la pagini, continutul si prezentarea site-ului sunt detinute de Centrul Roman al Energiei. Este interzisa copierea, modificarea, afisarea, distribuirea, transmiterea, publicarea, comercializarea, licentierea, crearea unor materiale derivate sau utilizarea continutului site-ului \u00een orice scop fara confirmarea scrisa din partea Centrului Roman al Energiei<\/p><p>Accesul si utilizarea paginii\u00a0<a href=\"https:\/\/crenerg.org\/Digital4Energy\/\">https:\/\/crenerg.org\/Digital4Energy\/<\/a>\u00a0sunt gratuite si au scopul de a veni in ajutorul utilizatorilor pentru a gasi informatiile necesare \u00een cel mai usor si rapid mod posibil, conform cerintelor fiecaruia.<\/p><p>Informatiile prezente pe\u00a0<a href=\"https:\/\/crenerg.org\/Digital4Energy\/\">https:\/\/crenerg.org\/Digital4Energy\/<\/a>\u00a0sunt de interes general si sunt puse la dispozitia utilizatorilor \u00een mod gratuit. Prin termenul \u201eutilizator\u201d al acestei pagini se \u00eentelege orice persoana fizica sau juridica care va accesa pagina. Puteti copia si tipari continutul paginii\u00a0<a href=\"https:\/\/crenerg.org\/Digital4Energy\/\">https:\/\/crenerg.org\/Digital4Energy\/<\/a>\u00a0pentru folosinta dumneavoastra personala, fara intentii comerciale. \u00cen orice alte situatii, continutul\u00a0<a href=\"https:\/\/crenerg.org\/Digital4Energy\/\">https:\/\/crenerg.org\/Digital4Energy\/<\/a>\u00a0nu poate fi reprodus, modificat sau exploatat fara consimtam\u00e2ntul explicit al reprezentantilor\u00a0<a href=\"https:\/\/crenerg.org\/Digital4Energy\/\">https:\/\/crenerg.org\/Digital4Energy\/<\/a><\/p><h2>NEANGAJAREA RASPUNDERII<\/h2><p>Continutul informatiilor se refera la descrierea \u00eentr-un anumit grad de detaliere a activitatilor, produselor si serviciilor:<\/p><p>\u2013 evitarea utilizarii anevoioase sau \u00eentreruperii \u00een utilizare a site-ului;<\/p><p>\u2013 neafectarea \u00een sens negativ a altor sisteme prin utilizarea site-ului;<\/p><p>\u2013 inexistenta pe site-ul pus la dispozitie a virusilor sau alte componente care ar putea dauna utilizatorilor.<\/p><p>Astfel, Centrul Roman al Energiei nu poate fi responsabila pentru nici un fel de daune directe sau indirecte produse prin utilizarea site-ului sau. Toate informatiile prezentate pe site cu privire la produsele <a href=\"https:\/\/crenerg.org\/Digital4Energy\/\">https:\/\/crenerg.org\/Digital4Energy\/<\/a>, informatii, aspecte tehnice, sunt prezentate cu titlu informativ. Nimic din continutul site-ului\u00a0<a href=\"https:\/\/crenerg.org\/Digital4Energy\/\">https:\/\/crenerg.org\/Digital4Energy\/<\/a> nu poate constitui o oferta ferma de a contracta si nu poate angaja raspunderea Centrul Roman al Energiei \u00een lipsa unor acorduri ulterioare.<\/p><p>Centrul Roman al Energiei nu face nicio declaratie, promisiune sau garantie cu privire la exactitatea, exhaustivitatea sau caracterul adecvat al prezentului continut, al \u00eendrumarilor si a consultantei, nu \u00eesi asuma nicio obligatie de rezultat sau diligenta fata de nicio persoana, exclud \u00een mod expres si neaga raspunderea pentru orice cost, pierdere sau daunele suferite ca urmare a utilizarii continutului.<\/p><h2>OBIECTIVUL CONTINUTULUI SITE-ULUI<\/h2><p>Obiectivul continutului site-ului este de a transmite informatii actualizate si exacte.<\/p><p>Centrul Roman al Energiei nu poate garanta ca prezentele pagini nu contin erori, si asigura ca va depune toate diligentele pentru realizarea unei informari corecte si remedierea eventualelor erori.<\/p><p>Orice persoana care doreste sa-si procure unul din serviciile sau produsele prezentate \u00een site este rugata sa contacteze Centrul Roman al Energiei prin unul din mijloacele afisate \u00een pagina de Contact a site-ului, pentru a se informa at\u00e2t asupra disponibilitatii serviciului sau produsului \u00een cauza c\u00e2t si asupra conditiilor contractuale \u0219i informatiilor tehnice sau de alta natura.<\/p><h2>INFORMATII PERSONALE<\/h2><p>C\u00e2nd prin intermediul prezentului\u00a0site va sunt solicitate informatii, aceasta are ca scop identificarea dumneavoastra sau posibilitatea de a va contacta. Acest lucru este cu at\u00e2t mai necesar \u00een cazul folosirii aplicatiilor disponibile pe site.<\/p><p>Natura informatiilor solicitate se refera \u00een special la date personale (nume, adresa, numere de telefon), adresa de e-mail, modul \u00een care sunt utilizate sau intentioneaza sa fie utilizate produsele si\/sau serviciile Centrul Roman al Energiei dar poate include si alte informatii aflate \u00een str\u00e2nsa legatura cu utilizarea serviciilor si\/sau produselor solicitate.<\/p><p>Cu scopul de a raspunde mai bine nevoilor si \u00eentrebarilor utilizatorilor site-ului, informatiile solicitate prin intermediul acestui site vor face obiectul unei stocari si prelucrari electronice.<\/p><h2>LEGATURA CU ALTE SITE-URI<\/h2><p>Prezentul site poate contine legaturi sau trimiteri catre alte site-uri considerate de Centrul Roman al Energiei utile \u00een legatura cu continutul site-ului sau si care nu se afla sub controlul sau \u00eendrumarea sa. \u00cen cazul utilizarii acestor legaturi sau trimiteri se vor aplica conditiile generale de utilizare corespunzatoare acelor site-uri.<\/p><p>Centrul Roman al Energiei nu poate garanta\/controla actualitatea\/exactitatea informatiilor prezente pe site-urile unor terti, la care se face trimitere de pe site-ul sau.<\/p><h2>INFORMATIILE OFERITE PRIN INTERMEDIUL SITE-ULUI<\/h2><p>Orice persoana care viziteaza site-ul\u00a0<a href=\"https:\/\/crenerg.org\/Digital4Energy\/\">https:\/\/crenerg.org\/Digital4Energy\/<\/a> si care ofera date sau informatii cu caracter personal prin intermediul acestui site \u00eesi manifesta acordul \u00een mod expres si neechivoc pentru urmatoarele: prelucrarea acestor date si informatii personale de catre Centrul Roman al Energiei transmiterii de materiale promotionale specifice operatiunilor de marketing direct; solutionarea de catre Centrul Roman al Energiei a cererilor, \u00eentrebarilor si reclamatiilor adresate (a se vedea pagina Contact din site); alte activitati \u00eentreprinse de Centrul Roman al Energiei si permise de lege, ce nu fac obiectul unei aprobari din partea destinatarului.<\/p><p>Centrul Roman al Energiei va pastra confidentialitatea acestor informatii.<\/p><p>Utilizarea \u00een continuare a acestui site constituie acordul expres si neechivoc al dumneavoastra \u00een conformitate cu prevederile legii 677\/2001 si directivelor GDPR pentru protectia persoanelor cu privire la prelucrarea datelor cu caracter personal si libera circulatie a acestor date.<\/p><p>Pentru orice nelamurire \u00een legatura cu exercitarea drepturilor dumneavoastra referitoare la utilizarea site-ului si la protectia utilizarii va rugam sa ne contactati prin intermediul sectiunii Contact din site.<\/p>\t\t\t\t\t\t<\/div>\n\t\t\t\t<\/div>\n\t\t\t\t\t<\/div>\n\t\t<\/div>\n\t\t\t\t\t\t\t<\/div>\n\t\t<\/section>\n\t\t\t\t\t\t\t<\/div>\n\t\t","protected":false},"excerpt":{"rendered":"<p>DIGITAL4ENERGY &nbsp; ACCEPTAREA CONDITIILOR Prin accesarea acestui site web si\/sau a oricarei pagini a acestuia sunteti de acord cu aceste conditii de utilizare. Daca nu sunteti de acord cu acesti termeni si conditii de utilizare, nu accesati acest site. DESCRIEREA SERVICIILOR Siteul nostru va pune la dispozitie informatiile din acest site web in scop informativ [&hellip;]<\/p>\n","protected":false},"author":1,"featured_media":0,"parent":0,"menu_order":0,"comment_status":"closed","ping_status":"closed","template":"template\/full-width-template.php","meta":{"footnotes":""},"aioseo_notices":[],"_links":{"self":[{"href":"https:\/\/crenerg.org\/Digital4Energy\/wp-json\/wp\/v2\/pages\/3314"}],"collection":[{"href":"https:\/\/crenerg.org\/Digital4Energy\/wp-json\/wp\/v2\/pages"}],"about":[{"href":"https:\/\/crenerg.org\/Digital4Energy\/wp-json\/wp\/v2\/types\/page"}],"author":[{"embeddable":true,"href":"https:\/\/crenerg.org\/Digital4Energy\/wp-json\/wp\/v2\/users\/1"}],"replies":[{"embeddable":true,"href":"https:\/\/crenerg.org\/Digital4Energy\/wp-json\/wp\/v2\/comments?post=3314"}],"version-history":[{"count":9,"href":"https:\/\/crenerg.org\/Digital4Energy\/wp-json\/wp\/v2\/pages\/3314\/revisions"}],"predecessor-version":[{"id":3957,"href":"https:\/\/crenerg.org\/Digital4Energy\/wp-json\/wp\/v2\/pages\/3314\/revisions\/3957"}],"wp:attachment":[{"href":"https:\/\/crenerg.org\/Digital4Energy\/wp-json\/wp\/v2\/media?parent=3314"}],"curies":[{"name":"wp","href":"https:\/\/api.w.org\/{rel}","templated":true}]}}